
{"id":8145,"date":"2019-02-26T10:04:34","date_gmt":"2019-02-26T09:04:34","guid":{"rendered":"https:\/\/nanoeng.sviluppo.host\/lavora-con-noi\/"},"modified":"2021-08-18T08:39:44","modified_gmt":"2021-08-18T06:39:44","slug":"lavora-con-noi","status":"publish","type":"page","link":"https:\/\/www.nanotechinside.com\/fr\/lavora-con-noi\/","title":{"rendered":"Travailler avec nous"},"content":{"rendered":"<p>[et_pb_section fb_built=\u00a0\u00bb1&Prime; _builder_version=\u00a0\u00bb4.9.4&Prime; _module_preset=\u00a0\u00bbdefault\u00a0\u00bb background_image=\u00a0\u00bbhttps:\/\/nanotechinside.com\/wp-content\/uploads\/2021\/05\/colori-termoriflettenti-parete.jpg\u00a0\u00bb parallax=\u00a0\u00bbon\u00a0\u00bb custom_padding=\u00a0\u00bb10vh||0px||false|false\u00a0\u00bb][et_pb_row _builder_version=\u00a0\u00bb4.9.4&Prime; _module_preset=\u00a0\u00bbdefault\u00a0\u00bb][et_pb_column type=\u00a0\u00bb4_4&Prime; _builder_version=\u00a0\u00bb4.9.4&Prime; _module_preset=\u00a0\u00bbdefault\u00a0\u00bb][et_pb_text _builder_version=\u00a0\u00bb4.9.10&Prime; _module_preset=\u00a0\u00bbdefault\u00a0\u00bb header_text_color=\u00a0\u00bb#FFFFFF\u00a0\u00bb header_font_size=\u00a0\u00bb60px\u00a0\u00bb header_font_size_tablet=\u00a0\u00bb40px\u00a0\u00bb header_font_size_phone=\u00a0\u00bb30px\u00a0\u00bb header_font_size_last_edited=\u00a0\u00bbon|phone\u00a0\u00bb]<\/p>\n<h1>Collaborez avec nous !<\/h1>\n<p>[\/et_pb_text][\/et_pb_column][\/et_pb_row][\/et_pb_section][et_pb_section fb_built=\u00a0\u00bb1&Prime; _builder_version=\u00a0\u00bb3.22&Prime; custom_padding=\u00a0\u00bb1px|0px|0|0px|false|false\u00a0\u00bb][et_pb_row _builder_version=\u00a0\u00bb3.25&Prime; custom_padding=\u00a0\u00bb27px|0px|0|0px|false|false\u00a0\u00bb][et_pb_column type=\u00a0\u00bb4_4&Prime; _builder_version=\u00a0\u00bb3.25&Prime; custom_padding=\u00a0\u00bb|||\u00a0\u00bb custom_padding__hover=\u00a0\u00bb|||\u00a0\u00bb][et_pb_text _builder_version=\u00a0\u00bb4.9.10&Prime;]<\/p>\n<p style=\"text-align: center;\">En constant d\u00e9veloppement et de l\u2019expansion dans de nouvelles zones g\u00e9ographiques, nous recherchons des <strong>concessionnaires, distributeurs, agents, ainsi que de nouvelles possibilit\u00e9s de collaboration B2B, en Italie et \u00e0 l\u2019\u00e9tranger.<\/strong><\/p>\n<p style=\"text-align: center;\">Pour plus de d\u00e9tails, contactez-nous par e-mail ou en remplissant les champs ci-dessous.<\/p>\n<p>[\/et_pb_text][\/et_pb_column][\/et_pb_row][\/et_pb_section][et_pb_section fb_built=\u00a0\u00bb1&Prime; _builder_version=\u00a0\u00bb3.22&Prime; custom_padding=\u00a0\u00bb0|0px|0|0px|false|false\u00a0\u00bb][et_pb_row column_structure=\u00a0\u00bb1_5,3_5,1_5&Prime; _builder_version=\u00a0\u00bb3.25&Prime; background_size=\u00a0\u00bbinitial\u00a0\u00bb background_position=\u00a0\u00bbtop_left\u00a0\u00bb background_repeat=\u00a0\u00bbrepeat\u00a0\u00bb][et_pb_column type=\u00a0\u00bb1_5&Prime; _builder_version=\u00a0\u00bb3.25&Prime; custom_padding=\u00a0\u00bb|||\u00a0\u00bb custom_padding__hover=\u00a0\u00bb|||\u00a0\u00bb][\/et_pb_column][et_pb_column type=\u00a0\u00bb3_5&Prime; _builder_version=\u00a0\u00bb3.25&Prime; custom_padding=\u00a0\u00bb|||\u00a0\u00bb custom_padding__hover=\u00a0\u00bb|||\u00a0\u00bb][dvppl_cf7_styler cf7=\u00a0\u00bb8576&Prime; form_background_color=\u00a0\u00bb#0561a2&Prime; cr_custom_styles=\u00a0\u00bbon\u00a0\u00bb _builder_version=\u00a0\u00bb4.9.10&Prime; _module_preset=\u00a0\u00bbdefault\u00a0\u00bb form_field_font_text_color=\u00a0\u00bb#FFFFFF\u00a0\u00bb form_field_font_font_size=\u00a0\u00bb15px\u00a0\u00bb custom_submit_button=\u00a0\u00bbon\u00a0\u00bb submit_button_text_color=\u00a0\u00bb#0561A2&Prime; submit_button_bg_color=\u00a0\u00bb#becf04&Prime; submit_button_border_width=\u00a0\u00bb0px\u00a0\u00bb submit_button_border_radius=\u00a0\u00bb0px\u00a0\u00bb submit_button_font=\u00a0\u00bb|600|||||||\u00a0\u00bb submit_button_custom_padding=\u00a0\u00bb10px|20px|10px|20px|true|true\u00a0\u00bb hover_enabled=\u00a0\u00bb0&Prime; border_color_all_field=\u00a0\u00bbRGBA(0,0,0,0)\u00a0\u00bb sticky_enabled=\u00a0\u00bb0&Prime;][\/dvppl_cf7_styler][\/et_pb_column][et_pb_column type=\u00a0\u00bb1_5&Prime; _builder_version=\u00a0\u00bb3.25&Prime; custom_padding=\u00a0\u00bb|||\u00a0\u00bb custom_padding__hover=\u00a0\u00bb|||\u00a0\u00bb][\/et_pb_column][\/et_pb_row][\/et_pb_section]<\/p>\n","protected":false},"excerpt":{"rendered":"<p>Collaborez avec nous !En constant d\u00e9veloppement et de l\u2019expansion dans de nouvelles zones g\u00e9ographiques, nous recherchons des concessionnaires, distributeurs, agents, ainsi que de nouvelles possibilit\u00e9s de collaboration B2B, en Italie et \u00e0 l\u2019\u00e9tranger. Pour plus de d\u00e9tails, contactez-nous par e-mail ou en remplissant les champs ci-dessous.<div class=\"et_pb_module dvppl_cf7_styler dvppl_cf7_styler_0\">\n\t\t\t\t\n\t\t\t\t\n\t\t\t\t\n\t\t\t\t\n\t\t\t\t\n\t\t\t\t\n\t\t\t\t<div class=\"et_pb_module_inner\">\n\t\t\t\t\t<div class=\"dipe-cf7-container dipe-cf7-button-left\">\n\t\t\t\t\n\t\t\t\t<div class=\"dipe-cf7 dipe-cf7-styler \">\n\t\t\t\t\t<p class=\"wpcf7-contact-form-not-found\"><strong>Erreur\u00a0:<\/strong> Formulaire de contact non trouv\u00e9\u00a0!<\/p>\n\t\t\t\t<\/div>\n\t\t\t<\/div>\n\t\t\t\t<\/div>\n\t\t\t<\/div><\/p>\n","protected":false},"author":2,"featured_media":0,"parent":0,"menu_order":0,"comment_status":"closed","ping_status":"closed","template":"","meta":{"_et_pb_use_builder":"on","_et_pb_old_content":"<p>[ccf_form id=\"1823\"]<\/p>","_et_gb_content_width":"","footnotes":""},"dipi_cpt_category":[],"class_list":["post-8145","page","type-page","status-publish","hentry"],"yoast_head":"<!-- This site is optimized with the Yoast SEO plugin v26.4 - https:\/\/yoast.com\/wordpress\/plugins\/seo\/ -->\n<title>Travailler avec nous - Nanotech Inside<\/title>\n<meta name=\"robots\" content=\"index, follow, max-snippet:-1, max-image-preview:large, max-video-preview:-1\" \/>\n<link rel=\"canonical\" href=\"https:\/\/www.nanotechinside.com\/fr\/lavora-con-noi\/\" \/>\n<meta property=\"og:locale\" content=\"fr_FR\" \/>\n<meta property=\"og:type\" content=\"article\" \/>\n<meta property=\"og:title\" content=\"Travailler avec nous - Nanotech Inside\" \/>\n<meta property=\"og:description\" content=\"Collaborez avec nous !En constant d\u00e9veloppement et de l\u2019expansion dans de nouvelles zones g\u00e9ographiques, nous recherchons des concessionnaires, distributeurs, agents, ainsi que de nouvelles possibilit\u00e9s de collaboration B2B, en Italie et \u00e0 l\u2019\u00e9tranger. Pour plus de d\u00e9tails, contactez-nous par e-mail ou en remplissant les champs ci-dessous.\" \/>\n<meta property=\"og:url\" content=\"https:\/\/www.nanotechinside.com\/fr\/lavora-con-noi\/\" \/>\n<meta property=\"og:site_name\" content=\"Nanotech Inside\" \/>\n<meta property=\"article:modified_time\" content=\"2021-08-18T06:39:44+00:00\" \/>\n<meta name=\"twitter:card\" content=\"summary_large_image\" \/>\n<meta name=\"twitter:label1\" content=\"Dur\u00e9e de lecture estim\u00e9e\" \/>\n\t<meta name=\"twitter:data1\" content=\"2 minutes\" \/>\n<script type=\"application\/ld+json\" class=\"yoast-schema-graph\">{\"@context\":\"https:\/\/schema.org\",\"@graph\":[{\"@type\":\"WebPage\",\"@id\":\"https:\/\/www.nanotechinside.com\/fr\/lavora-con-noi\/\",\"url\":\"https:\/\/www.nanotechinside.com\/fr\/lavora-con-noi\/\",\"name\":\"Travailler avec nous - Nanotech Inside\",\"isPartOf\":{\"@id\":\"https:\/\/www.nanotechinside.com\/fr\/#website\"},\"datePublished\":\"2019-02-26T09:04:34+00:00\",\"dateModified\":\"2021-08-18T06:39:44+00:00\",\"breadcrumb\":{\"@id\":\"https:\/\/www.nanotechinside.com\/fr\/lavora-con-noi\/#breadcrumb\"},\"inLanguage\":\"fr-FR\",\"potentialAction\":[{\"@type\":\"ReadAction\",\"target\":[\"https:\/\/www.nanotechinside.com\/fr\/lavora-con-noi\/\"]}]},{\"@type\":\"BreadcrumbList\",\"@id\":\"https:\/\/www.nanotechinside.com\/fr\/lavora-con-noi\/#breadcrumb\",\"itemListElement\":[{\"@type\":\"ListItem\",\"position\":1,\"name\":\"Home\",\"item\":\"https:\/\/www.nanotechinside.com\/fr\/\"},{\"@type\":\"ListItem\",\"position\":2,\"name\":\"Travailler avec nous\"}]},{\"@type\":\"WebSite\",\"@id\":\"https:\/\/www.nanotechinside.com\/fr\/#website\",\"url\":\"https:\/\/www.nanotechinside.com\/fr\/\",\"name\":\"Nanotech Inside\",\"description\":\"\",\"potentialAction\":[{\"@type\":\"SearchAction\",\"target\":{\"@type\":\"EntryPoint\",\"urlTemplate\":\"https:\/\/www.nanotechinside.com\/fr\/?s={search_term_string}\"},\"query-input\":{\"@type\":\"PropertyValueSpecification\",\"valueRequired\":true,\"valueName\":\"search_term_string\"}}],\"inLanguage\":\"fr-FR\"}]}<\/script>\n<!-- \/ Yoast SEO plugin. -->","yoast_head_json":{"title":"Travailler avec nous - Nanotech Inside","robots":{"index":"index","follow":"follow","max-snippet":"max-snippet:-1","max-image-preview":"max-image-preview:large","max-video-preview":"max-video-preview:-1"},"canonical":"https:\/\/www.nanotechinside.com\/fr\/lavora-con-noi\/","og_locale":"fr_FR","og_type":"article","og_title":"Travailler avec nous - Nanotech Inside","og_description":"Collaborez avec nous !En constant d\u00e9veloppement et de l\u2019expansion dans de nouvelles zones g\u00e9ographiques, nous recherchons des concessionnaires, distributeurs, agents, ainsi que de nouvelles possibilit\u00e9s de collaboration B2B, en Italie et \u00e0 l\u2019\u00e9tranger. Pour plus de d\u00e9tails, contactez-nous par e-mail ou en remplissant les champs ci-dessous.","og_url":"https:\/\/www.nanotechinside.com\/fr\/lavora-con-noi\/","og_site_name":"Nanotech Inside","article_modified_time":"2021-08-18T06:39:44+00:00","twitter_card":"summary_large_image","twitter_misc":{"Dur\u00e9e de lecture estim\u00e9e":"2 minutes"},"schema":{"@context":"https:\/\/schema.org","@graph":[{"@type":"WebPage","@id":"https:\/\/www.nanotechinside.com\/fr\/lavora-con-noi\/","url":"https:\/\/www.nanotechinside.com\/fr\/lavora-con-noi\/","name":"Travailler avec nous - Nanotech Inside","isPartOf":{"@id":"https:\/\/www.nanotechinside.com\/fr\/#website"},"datePublished":"2019-02-26T09:04:34+00:00","dateModified":"2021-08-18T06:39:44+00:00","breadcrumb":{"@id":"https:\/\/www.nanotechinside.com\/fr\/lavora-con-noi\/#breadcrumb"},"inLanguage":"fr-FR","potentialAction":[{"@type":"ReadAction","target":["https:\/\/www.nanotechinside.com\/fr\/lavora-con-noi\/"]}]},{"@type":"BreadcrumbList","@id":"https:\/\/www.nanotechinside.com\/fr\/lavora-con-noi\/#breadcrumb","itemListElement":[{"@type":"ListItem","position":1,"name":"Home","item":"https:\/\/www.nanotechinside.com\/fr\/"},{"@type":"ListItem","position":2,"name":"Travailler avec nous"}]},{"@type":"WebSite","@id":"https:\/\/www.nanotechinside.com\/fr\/#website","url":"https:\/\/www.nanotechinside.com\/fr\/","name":"Nanotech Inside","description":"","potentialAction":[{"@type":"SearchAction","target":{"@type":"EntryPoint","urlTemplate":"https:\/\/www.nanotechinside.com\/fr\/?s={search_term_string}"},"query-input":{"@type":"PropertyValueSpecification","valueRequired":true,"valueName":"search_term_string"}}],"inLanguage":"fr-FR"}]}},"_links":{"self":[{"href":"https:\/\/www.nanotechinside.com\/fr\/wp-json\/wp\/v2\/pages\/8145","targetHints":{"allow":["GET"]}}],"collection":[{"href":"https:\/\/www.nanotechinside.com\/fr\/wp-json\/wp\/v2\/pages"}],"about":[{"href":"https:\/\/www.nanotechinside.com\/fr\/wp-json\/wp\/v2\/types\/page"}],"author":[{"embeddable":true,"href":"https:\/\/www.nanotechinside.com\/fr\/wp-json\/wp\/v2\/users\/2"}],"replies":[{"embeddable":true,"href":"https:\/\/www.nanotechinside.com\/fr\/wp-json\/wp\/v2\/comments?post=8145"}],"version-history":[{"count":6,"href":"https:\/\/www.nanotechinside.com\/fr\/wp-json\/wp\/v2\/pages\/8145\/revisions"}],"predecessor-version":[{"id":8580,"href":"https:\/\/www.nanotechinside.com\/fr\/wp-json\/wp\/v2\/pages\/8145\/revisions\/8580"}],"wp:attachment":[{"href":"https:\/\/www.nanotechinside.com\/fr\/wp-json\/wp\/v2\/media?parent=8145"}],"wp:term":[{"taxonomy":"dipi_cpt_category","embeddable":true,"href":"https:\/\/www.nanotechinside.com\/fr\/wp-json\/wp\/v2\/dipi_cpt_category?post=8145"}],"curies":[{"name":"wp","href":"https:\/\/api.w.org\/{rel}","templated":true}]}}