
{"id":7757,"date":"2019-02-26T10:00:36","date_gmt":"2019-02-26T09:00:36","guid":{"rendered":"https:\/\/nanoeng.sviluppo.host\/produttori-migliore-vernice-traspirante-antistatica-muri-esterni\/"},"modified":"2021-08-16T14:28:31","modified_gmt":"2021-08-16T12:28:31","slug":"mission-e-vision","status":"publish","type":"page","link":"https:\/\/www.nanotechinside.com\/fr\/mission-e-vision\/","title":{"rendered":"Mission e Vision"},"content":{"rendered":"<p>[et_pb_section fb_built=\u00a0\u00bb1&Prime; module_id=\u00a0\u00bbhercules\u00a0\u00bb module_class=\u00a0\u00bbhercules\u00a0\u00bb _builder_version=\u00a0\u00bb4.9.4&Prime;][et_pb_row column_structure=\u00a0\u00bb2_3,1_3&Prime; _builder_version=\u00a0\u00bb3.25&Prime; custom_padding=\u00a0\u00bb27px|0px|0|0px|false|false\u00a0\u00bb box_shadow_style=\u00a0\u00bbpreset6&Prime; box_shadow_blur=\u00a0\u00bb10px\u00a0\u00bb box_shadow_color=\u00a0\u00bbrgba(0,0,0,0.1)\u00a0\u00bb][et_pb_column type=\u00a0\u00bb2_3&Prime; _builder_version=\u00a0\u00bb3.25&Prime; custom_padding=\u00a0\u00bb|||\u00a0\u00bb custom_padding__hover=\u00a0\u00bb|||\u00a0\u00bb][et_pb_text _builder_version=\u00a0\u00bb4.9.10&Prime; hover_enabled=\u00a0\u00bb0&Prime; box_shadow_style=\u00a0\u00bbpreset6&Prime; box_shadow_blur=\u00a0\u00bb10px\u00a0\u00bb box_shadow_color=\u00a0\u00bbrgba(0,0,0,0.1)\u00a0\u00bb sticky_enabled=\u00a0\u00bb0&Prime;]<\/p>\n<h1>Haut niveau de bien-\u00eatre<\/h1>\n<p>Nanotech inside\u00ae vise \u00e0 \u00e9tendre la recherche et le d\u00e9veloppement des meilleures solutions de peinture thermo-r\u00e9fl\u00e9chissante:<\/p>\n<ul>\n<li><strong>parois verticales opaques<\/strong><\/li>\n<li><strong>cool roof (toits froids)<\/strong><\/li>\n<li><strong>surfaces semi-transparentes<\/strong><\/li>\n<li><strong>cycles de finition pour les syst\u00e8mes d\u2019isolation \u00ab\u00a0coat\u00a0\u00bb<\/strong><\/li>\n<\/ul>\n<p>Une grande attention a \u00e9galement \u00e9t\u00e9 accord\u00e9e aux cycles sp\u00e9ciaux d\u2019isolation thermique de faible \u00e9paisseur pour les b\u00e2timents \u00e9conomes en \u00e9nergie:<\/p>\n<ul>\n<li><strong>ThermoFlex Restore pour les ext\u00e9rieurs<\/strong><\/li>\n<li><strong>Thermo Restore pour les int\u00e9rieurs<\/strong><\/li>\n<li><strong>Peinture-statique \u00e0 la maison<\/strong><\/li>\n<\/ul>\n<p>[\/et_pb_text][\/et_pb_column][et_pb_column type=\u00a0\u00bb1_3&Prime; _builder_version=\u00a0\u00bb3.25&Prime; custom_padding=\u00a0\u00bb|||\u00a0\u00bb custom_padding__hover=\u00a0\u00bb|||\u00a0\u00bb][et_pb_image src=\u00a0\u00bbhttps:\/\/www.nanotechinside.com\/wp-content\/uploads\/2019\/04\/Vernice-antistatica-per-casa.jpg\u00a0\u00bb alt=\u00a0\u00bbVernice-antistatica-per-casa\u00a0\u00bb show_in_lightbox=\u00a0\u00bbon\u00a0\u00bb align_tablet=\u00a0\u00bbcenter\u00a0\u00bb align_phone=\u00a0\u00bb\u00a0\u00bb align_last_edited=\u00a0\u00bbon|desktop\u00a0\u00bb _builder_version=\u00a0\u00bb3.23&Prime;]&nbsp;<br \/>\n[\/et_pb_image][\/et_pb_column][\/et_pb_row][et_pb_row _builder_version=\u00a0\u00bb3.25&Prime; custom_padding=\u00a0\u00bb5px|0px|27px|0px|false|false\u00a0\u00bb box_shadow_style=\u00a0\u00bbpreset6&Prime; box_shadow_blur=\u00a0\u00bb10px\u00a0\u00bb box_shadow_color=\u00a0\u00bbrgba(0,0,0,0.1)\u00a0\u00bb][et_pb_column type=\u00a0\u00bb4_4&Prime; _builder_version=\u00a0\u00bb3.25&Prime; custom_padding=\u00a0\u00bb|||\u00a0\u00bb custom_padding__hover=\u00a0\u00bb|||\u00a0\u00bb][et_pb_text _builder_version=\u00a0\u00bb4.9.10&Prime; hover_enabled=\u00a0\u00bb0&Prime; box_shadow_style=\u00a0\u00bbpreset6&Prime; box_shadow_blur=\u00a0\u00bb10px\u00a0\u00bb box_shadow_color=\u00a0\u00bbrgba(0,0,0,0.1)\u00a0\u00bb sticky_enabled=\u00a0\u00bb0&Prime;]<\/p>\n<div class=\"et_pb_module et_pb_text et_pb_text_1  et_pb_text_align_left et_pb_bg_layout_light\">\n<div class=\"et_pb_text_inner\">\n<p>Notre objectif principal est <strong>d\u2019am\u00e9liorer le niveau de bien-\u00eatre<\/strong> dans chaque maison et dans tout b\u00e2timent \u00e0 usage civil et industriel.<\/p>\n<p>Vous \u00eates en charge de la r\u00e9novation de b\u00e2timents et vous recherchez des fabricants de <strong>peintures r\u00e9fl\u00e9chissantes<\/strong>? Contactez nous! Parmi nos produits, vous trouverez: peinture thermique pour int\u00e9rieurs, traitements r\u00e9fl\u00e9chissants et isolants thermiques pour fa\u00e7ades et toitures, appr\u00eat de finition nanotechnologique, universel pour toutes les surfaces et bien plus encore.<\/p>\n<\/div>\n<\/div>\n<p>[\/et_pb_text][et_pb_button button_url=\u00a0\u00bbhttps:\/\/www.nanotechinside.com\/contatti\/\u00a0\u00bb button_text=\u00a0\u00bbContactez-nous\u00a0\u00bb button_alignment=\u00a0\u00bbleft\u00a0\u00bb _builder_version=\u00a0\u00bb4.9.10&Prime; custom_button=\u00a0\u00bbon\u00a0\u00bb button_text_size=\u00a0\u00bb16px\u00a0\u00bb button_text_color=\u00a0\u00bb#0561A2&Prime; button_bg_color=\u00a0\u00bbRGBA(0,0,0,0)\u00a0\u00bb button_border_width=\u00a0\u00bb2px\u00a0\u00bb button_border_color=\u00a0\u00bb#becf04&Prime; button_border_radius=\u00a0\u00bb0px\u00a0\u00bb button_letter_spacing=\u00a0\u00bb0px\u00a0\u00bb button_font=\u00a0\u00bbSource Sans Pro|600||on|||||\u00a0\u00bb button_icon=\u00a0\u00bb%%3%%\u00a0\u00bb button_on_hover=\u00a0\u00bboff\u00a0\u00bb custom_margin_tablet=\u00a0\u00bb|||4vw|false|false\u00a0\u00bb custom_margin_phone=\u00a0\u00bb|||6vw|false|false\u00a0\u00bb custom_margin_last_edited=\u00a0\u00bboff|desktop\u00a0\u00bb custom_padding=\u00a0\u00bb10px|40px|10px|30px|true|false\u00a0\u00bb global_colors_info=\u00a0\u00bb{}\u00a0\u00bb button_text_size__hover_enabled=\u00a0\u00bboff\u00a0\u00bb button_one_text_size__hover_enabled=\u00a0\u00bboff\u00a0\u00bb button_two_text_size__hover_enabled=\u00a0\u00bboff\u00a0\u00bb button_text_color__hover_enabled=\u00a0\u00bboff\u00a0\u00bb button_one_text_color__hover_enabled=\u00a0\u00bboff\u00a0\u00bb button_two_text_color__hover_enabled=\u00a0\u00bboff\u00a0\u00bb button_border_width__hover_enabled=\u00a0\u00bboff\u00a0\u00bb button_one_border_width__hover_enabled=\u00a0\u00bboff\u00a0\u00bb button_two_border_width__hover_enabled=\u00a0\u00bboff\u00a0\u00bb button_border_color__hover_enabled=\u00a0\u00bboff\u00a0\u00bb button_one_border_color__hover_enabled=\u00a0\u00bboff\u00a0\u00bb button_two_border_color__hover_enabled=\u00a0\u00bboff\u00a0\u00bb button_border_radius__hover_enabled=\u00a0\u00bboff\u00a0\u00bb button_one_border_radius__hover_enabled=\u00a0\u00bboff\u00a0\u00bb button_two_border_radius__hover_enabled=\u00a0\u00bboff\u00a0\u00bb button_letter_spacing__hover_enabled=\u00a0\u00bboff\u00a0\u00bb button_one_letter_spacing__hover_enabled=\u00a0\u00bboff\u00a0\u00bb button_two_letter_spacing__hover_enabled=\u00a0\u00bboff\u00a0\u00bb button_bg_color__hover_enabled=\u00a0\u00bbon|hover\u00a0\u00bb button_one_bg_color__hover_enabled=\u00a0\u00bboff\u00a0\u00bb button_two_bg_color__hover_enabled=\u00a0\u00bboff\u00a0\u00bb button_bg_color__hover=\u00a0\u00bb#BECF04&Prime; global_module=\u00a0\u00bb8232&Prime;][\/et_pb_button][\/et_pb_column][\/et_pb_row][\/et_pb_section][et_pb_section fb_built=\u00a0\u00bb1&Prime; module_id=\u00a0\u00bbnemesi\u00a0\u00bb module_class=\u00a0\u00bbnemesi\u00a0\u00bb _builder_version=\u00a0\u00bb3.22&Prime; custom_padding=\u00a0\u00bb0|0px|0px|0px|false|false\u00a0\u00bb][et_pb_row column_structure=\u00a0\u00bb1_3,1_3,1_3&Prime; module_class=\u00a0\u00bb et_pb_row_fullwidth\u00a0\u00bb _builder_version=\u00a0\u00bb3.25&Prime; background_size=\u00a0\u00bbinitial\u00a0\u00bb background_position=\u00a0\u00bbtop_left\u00a0\u00bb background_repeat=\u00a0\u00bbrepeat\u00a0\u00bb width=\u00a0\u00bb89%\u00a0\u00bb width_tablet=\u00a0\u00bb80%\u00a0\u00bb width_phone=\u00a0\u00bb\u00a0\u00bb width_last_edited=\u00a0\u00bbon|desktop\u00a0\u00bb max_width=\u00a0\u00bb89%\u00a0\u00bb max_width_tablet=\u00a0\u00bb80%\u00a0\u00bb max_width_phone=\u00a0\u00bb\u00a0\u00bb max_width_last_edited=\u00a0\u00bbon|desktop\u00a0\u00bb module_alignment=\u00a0\u00bbcenter\u00a0\u00bb make_fullwidth=\u00a0\u00bbon\u00a0\u00bb][et_pb_column type=\u00a0\u00bb1_3&Prime; _builder_version=\u00a0\u00bb3.25&Prime; custom_padding=\u00a0\u00bb|||\u00a0\u00bb custom_padding__hover=\u00a0\u00bb|||\u00a0\u00bb][et_pb_image src=\u00a0\u00bbhttps:\/\/www.nanotechinside.com\/wp-content\/uploads\/2019\/03\/Idropittura-per-trattamento-termoisolante-antimuffa.jpg\u00a0\u00bb alt=\u00a0\u00bbIdropittura-per-trattamento-termoisolante-antimuffa\u00a0\u00bb show_in_lightbox=\u00a0\u00bbon\u00a0\u00bb align=\u00a0\u00bbcenter\u00a0\u00bb align_tablet=\u00a0\u00bbcenter\u00a0\u00bb align_phone=\u00a0\u00bb\u00a0\u00bb align_last_edited=\u00a0\u00bbon|desktop\u00a0\u00bb _builder_version=\u00a0\u00bb3.23&Prime;]&nbsp;<br \/>\n[\/et_pb_image][\/et_pb_column][et_pb_column type=\u00a0\u00bb1_3&Prime; _builder_version=\u00a0\u00bb3.25&Prime; custom_padding=\u00a0\u00bb|||\u00a0\u00bb custom_padding__hover=\u00a0\u00bb|||\u00a0\u00bb][et_pb_image src=\u00a0\u00bbhttps:\/\/www.nanotechinside.com\/wp-content\/uploads\/2019\/03\/Ristrutturazione-edilizia-interni.jpg\u00a0\u00bb alt=\u00a0\u00bbRistrutturazione-edilizia-interni\u00a0\u00bb show_in_lightbox=\u00a0\u00bbon\u00a0\u00bb align=\u00a0\u00bbcenter\u00a0\u00bb align_tablet=\u00a0\u00bbcenter\u00a0\u00bb align_phone=\u00a0\u00bb\u00a0\u00bb align_last_edited=\u00a0\u00bbon|desktop\u00a0\u00bb _builder_version=\u00a0\u00bb3.23&Prime;]&nbsp;<br \/>\n[\/et_pb_image][\/et_pb_column][et_pb_column type=\u00a0\u00bb1_3&Prime; _builder_version=\u00a0\u00bb3.25&Prime; custom_padding=\u00a0\u00bb|||\u00a0\u00bb custom_padding__hover=\u00a0\u00bb|||\u00a0\u00bb][et_pb_image src=\u00a0\u00bbhttps:\/\/www.nanotechinside.com\/wp-content\/uploads\/2019\/03\/Produttori-vernice-traspirante-antistatica.jpg\u00a0\u00bb alt=\u00a0\u00bbProduttori-vernice-traspirante-antistatica\u00a0\u00bb show_in_lightbox=\u00a0\u00bbon\u00a0\u00bb align=\u00a0\u00bbcenter\u00a0\u00bb align_tablet=\u00a0\u00bbcenter\u00a0\u00bb align_phone=\u00a0\u00bb\u00a0\u00bb align_last_edited=\u00a0\u00bbon|desktop\u00a0\u00bb _builder_version=\u00a0\u00bb3.23&Prime;]&nbsp;<br \/>\n[\/et_pb_image][\/et_pb_column][\/et_pb_row][\/et_pb_section][et_pb_section fb_built=\u00a0\u00bb1&Prime; module_id=\u00a0\u00bbpegaso\u00a0\u00bb module_class=\u00a0\u00bbpegaso\u00a0\u00bb _builder_version=\u00a0\u00bb3.22&Prime;][et_pb_row _builder_version=\u00a0\u00bb3.25&Prime;][et_pb_column type=\u00a0\u00bb4_4&Prime; _builder_version=\u00a0\u00bb3.25&Prime; custom_padding=\u00a0\u00bb|||\u00a0\u00bb custom_padding__hover=\u00a0\u00bb|||\u00a0\u00bb][et_pb_text _builder_version=\u00a0\u00bb4.9.10&Prime; hover_enabled=\u00a0\u00bb0&Prime; box_shadow_style=\u00a0\u00bbpreset6&Prime; box_shadow_blur=\u00a0\u00bb10px\u00a0\u00bb box_shadow_color=\u00a0\u00bbrgba(0,0,0,0.1)\u00a0\u00bb sticky_enabled=\u00a0\u00bb0&Prime;]<\/p>\n<h2>Nous am\u00e9liorons la performance \u00e9nerg\u00e9tique de chaque b\u00e2timent<\/h2>\n<p>Nous travaillons pour et avec nos clients afin de fournir les solutions les plus appropri\u00e9es pour un <strong>march\u00e9 de plus en plus exigeant et de plus en plus attentif aux \u00e9conomies d\u2019\u00e9nergie<\/strong>. Nous sommes engag\u00e9s \u00e0 innover, \u00e0 comprendre les besoins des clients finaux et \u00e0 d\u00e9velopper nos relations avec les fournisseurs afin d\u2019offrir les meilleures solutions.<\/p>\n<p>Nous croyons fermement en un monde o\u00f9 <strong>les nanotechnologies sont un atout pour les applications de construction <\/strong>et, pour faire partie de ce progr\u00e8s, nous souhaitons d\u00e9velopper des peintures et des vernis destin\u00e9s \u00e0 am\u00e9liorer les performances \u00e9nerg\u00e9tiques de chaque b\u00e2timent.<\/p>\n<p>[\/et_pb_text][\/et_pb_column][\/et_pb_row][\/et_pb_section][et_pb_section fb_built=\u00a0\u00bb1&Prime; module_id=\u00a0\u00bbnemesi\u00a0\u00bb module_class=\u00a0\u00bbnemesi\u00a0\u00bb _builder_version=\u00a0\u00bb3.22&Prime; custom_padding=\u00a0\u00bb0|0px|0px|0px|false|false\u00a0\u00bb][et_pb_row column_structure=\u00a0\u00bb1_3,1_3,1_3&Prime; module_class=\u00a0\u00bb et_pb_row_fullwidth\u00a0\u00bb _builder_version=\u00a0\u00bb3.25&Prime; background_size=\u00a0\u00bbinitial\u00a0\u00bb background_position=\u00a0\u00bbtop_left\u00a0\u00bb background_repeat=\u00a0\u00bbrepeat\u00a0\u00bb width=\u00a0\u00bb89%\u00a0\u00bb width_tablet=\u00a0\u00bb80%\u00a0\u00bb width_phone=\u00a0\u00bb\u00a0\u00bb width_last_edited=\u00a0\u00bbon|desktop\u00a0\u00bb max_width=\u00a0\u00bb89%\u00a0\u00bb max_width_tablet=\u00a0\u00bb80%\u00a0\u00bb max_width_phone=\u00a0\u00bb\u00a0\u00bb max_width_last_edited=\u00a0\u00bbon|desktop\u00a0\u00bb module_alignment=\u00a0\u00bbcenter\u00a0\u00bb make_fullwidth=\u00a0\u00bbon\u00a0\u00bb][et_pb_column type=\u00a0\u00bb1_3&Prime; _builder_version=\u00a0\u00bb3.25&Prime; custom_padding=\u00a0\u00bb|||\u00a0\u00bb custom_padding__hover=\u00a0\u00bb|||\u00a0\u00bb][et_pb_image src=\u00a0\u00bbhttps:\/\/nanotechinside.com\/wp-content\/uploads\/2021\/06\/Migliore-vernice-per-muri-esterni.jpg\u00a0\u00bb alt=\u00a0\u00bbMigliore-vernice-per-muri-esterni\u00a0\u00bb title_text=\u00a0\u00bbMigliore-vernice-per-muri-esterni\u00a0\u00bb show_in_lightbox=\u00a0\u00bbon\u00a0\u00bb align=\u00a0\u00bbcenter\u00a0\u00bb align_tablet=\u00a0\u00bbcenter\u00a0\u00bb align_phone=\u00a0\u00bb\u00a0\u00bb align_last_edited=\u00a0\u00bbon|desktop\u00a0\u00bb _builder_version=\u00a0\u00bb4.9.6&Prime;]&nbsp;<br \/>\n[\/et_pb_image][\/et_pb_column][et_pb_column type=\u00a0\u00bb1_3&Prime; _builder_version=\u00a0\u00bb3.25&Prime; custom_padding=\u00a0\u00bb|||\u00a0\u00bb custom_padding__hover=\u00a0\u00bb|||\u00a0\u00bb][et_pb_image src=\u00a0\u00bbhttps:\/\/nanotechinside.com\/wp-content\/uploads\/2021\/06\/Coinvolge-diverse-professionalita.jpg\u00a0\u00bb alt=\u00a0\u00bbCoinvolge-diverse-professionalita\u00a0\u00bb title_text=\u00a0\u00bbCoinvolge-diverse-professionalita\u00a0\u00bb show_in_lightbox=\u00a0\u00bbon\u00a0\u00bb align=\u00a0\u00bbcenter\u00a0\u00bb align_tablet=\u00a0\u00bbcenter\u00a0\u00bb align_phone=\u00a0\u00bb\u00a0\u00bb align_last_edited=\u00a0\u00bbon|desktop\u00a0\u00bb _builder_version=\u00a0\u00bb4.9.6&Prime;]&nbsp;<br \/>\n[\/et_pb_image][\/et_pb_column][et_pb_column type=\u00a0\u00bb1_3&Prime; _builder_version=\u00a0\u00bb3.25&Prime; custom_padding=\u00a0\u00bb|||\u00a0\u00bb custom_padding__hover=\u00a0\u00bb|||\u00a0\u00bb][et_pb_image src=\u00a0\u00bbhttps:\/\/nanotechinside.com\/wp-content\/uploads\/2021\/06\/Sempre-attento-al-risparmio-energetico.jpg\u00a0\u00bb alt=\u00a0\u00bbSempre-attento-al-risparmio-energetico\u00a0\u00bb title_text=\u00a0\u00bbSempre-attento-al-risparmio-energetico\u00a0\u00bb show_in_lightbox=\u00a0\u00bbon\u00a0\u00bb align=\u00a0\u00bbcenter\u00a0\u00bb align_tablet=\u00a0\u00bbcenter\u00a0\u00bb align_phone=\u00a0\u00bb\u00a0\u00bb align_last_edited=\u00a0\u00bbon|desktop\u00a0\u00bb _builder_version=\u00a0\u00bb4.9.6&Prime;]&nbsp;<br \/>\n[\/et_pb_image][\/et_pb_column][\/et_pb_row][\/et_pb_section][et_pb_section fb_built=\u00a0\u00bb1&Prime; module_id=\u00a0\u00bbpegaso\u00a0\u00bb module_class=\u00a0\u00bbpegaso\u00a0\u00bb _builder_version=\u00a0\u00bb3.22&Prime;][et_pb_row _builder_version=\u00a0\u00bb3.25&Prime;][et_pb_column type=\u00a0\u00bb4_4&Prime; _builder_version=\u00a0\u00bb3.25&Prime; custom_padding=\u00a0\u00bb|||\u00a0\u00bb custom_padding__hover=\u00a0\u00bb|||\u00a0\u00bb][et_pb_text _builder_version=\u00a0\u00bb4.9.10&Prime; hover_enabled=\u00a0\u00bb0&Prime; box_shadow_style=\u00a0\u00bbpreset6&Prime; box_shadow_blur=\u00a0\u00bb10px\u00a0\u00bb box_shadow_color=\u00a0\u00bbrgba(0,0,0,0.1)\u00a0\u00bb sticky_enabled=\u00a0\u00bb0&Prime;]<\/p>\n<h2>Production conforme aux normes de qualit\u00e9 et de recherche les plus strictes<\/h2>\n<p>La synergie de nombreux collaborateurs travaillant en \u00e9troite collaboration est essentielle \u00e0 la r\u00e9ussite d\u2019une entreprise. Nanotech inside\u00ae implique diff\u00e9rents professionnels afin de toujours pouvoir r\u00e9pondre aux besoins du march\u00e9. Gr\u00e2ce \u00e0 sa culture manag\u00e9riale, la division a atteint d\u2019importants objectifs et est rapidement devenue <strong>l\u2019un des principaux acteurs du march\u00e9.<\/strong><\/p>\n<p><strong>Tant le personnel que l\u2019ensemble de l\u2019organisation fonctionnent selon une logique d\u2019am\u00e9lioration continue des performances<\/strong>. La croissance et le d\u00e9veloppement professionnel, en tant que facteur d\u00e9terminant de l\u2019\u00e9volution et du d\u00e9veloppement de ses activit\u00e9s, constituent donc l\u2019un des principaux objectifs de la Soci\u00e9t\u00e9.<\/p>\n<p>Nanotech inside\u00ae croit en la valeur des talents, investit dans ses collaborateurs et promeut, par le biais de la formation et surtout de la motivation, l\u2019am\u00e9lioration des conditions de travail et de productivit\u00e9 dans le but de <strong>garantir toujours une production respectant les normes de qualit\u00e9 et de recherche les plus strictes.<\/strong><\/p>\n<p>Contactez-nous pour d\u00e9couvrir nos produits.<\/p>\n<p>[\/et_pb_text][et_pb_button button_url=\u00a0\u00bbhttps:\/\/www.nanotechinside.com\/contatti\/\u00a0\u00bb button_text=\u00a0\u00bbContactez-nous\u00a0\u00bb button_alignment=\u00a0\u00bbleft\u00a0\u00bb _builder_version=\u00a0\u00bb4.9.10&Prime; custom_button=\u00a0\u00bbon\u00a0\u00bb button_text_size=\u00a0\u00bb16px\u00a0\u00bb button_text_color=\u00a0\u00bb#0561A2&Prime; button_bg_color=\u00a0\u00bbRGBA(0,0,0,0)\u00a0\u00bb button_border_width=\u00a0\u00bb2px\u00a0\u00bb button_border_color=\u00a0\u00bb#becf04&Prime; button_border_radius=\u00a0\u00bb0px\u00a0\u00bb button_letter_spacing=\u00a0\u00bb0px\u00a0\u00bb button_font=\u00a0\u00bbSource Sans Pro|600||on|||||\u00a0\u00bb button_icon=\u00a0\u00bb%%3%%\u00a0\u00bb button_on_hover=\u00a0\u00bboff\u00a0\u00bb custom_margin_tablet=\u00a0\u00bb|||4vw|false|false\u00a0\u00bb custom_margin_phone=\u00a0\u00bb|||6vw|false|false\u00a0\u00bb custom_margin_last_edited=\u00a0\u00bboff|desktop\u00a0\u00bb custom_padding=\u00a0\u00bb10px|40px|10px|30px|true|false\u00a0\u00bb global_colors_info=\u00a0\u00bb{}\u00a0\u00bb button_text_size__hover_enabled=\u00a0\u00bboff\u00a0\u00bb button_one_text_size__hover_enabled=\u00a0\u00bboff\u00a0\u00bb button_two_text_size__hover_enabled=\u00a0\u00bboff\u00a0\u00bb button_text_color__hover_enabled=\u00a0\u00bboff\u00a0\u00bb button_one_text_color__hover_enabled=\u00a0\u00bboff\u00a0\u00bb button_two_text_color__hover_enabled=\u00a0\u00bboff\u00a0\u00bb button_border_width__hover_enabled=\u00a0\u00bboff\u00a0\u00bb button_one_border_width__hover_enabled=\u00a0\u00bboff\u00a0\u00bb button_two_border_width__hover_enabled=\u00a0\u00bboff\u00a0\u00bb button_border_color__hover_enabled=\u00a0\u00bboff\u00a0\u00bb button_one_border_color__hover_enabled=\u00a0\u00bboff\u00a0\u00bb button_two_border_color__hover_enabled=\u00a0\u00bboff\u00a0\u00bb button_border_radius__hover_enabled=\u00a0\u00bboff\u00a0\u00bb button_one_border_radius__hover_enabled=\u00a0\u00bboff\u00a0\u00bb button_two_border_radius__hover_enabled=\u00a0\u00bboff\u00a0\u00bb button_letter_spacing__hover_enabled=\u00a0\u00bboff\u00a0\u00bb button_one_letter_spacing__hover_enabled=\u00a0\u00bboff\u00a0\u00bb button_two_letter_spacing__hover_enabled=\u00a0\u00bboff\u00a0\u00bb button_bg_color__hover_enabled=\u00a0\u00bbon|hover\u00a0\u00bb button_one_bg_color__hover_enabled=\u00a0\u00bboff\u00a0\u00bb button_two_bg_color__hover_enabled=\u00a0\u00bboff\u00a0\u00bb button_bg_color__hover=\u00a0\u00bb#BECF04&Prime; global_module=\u00a0\u00bb8232&Prime;][\/et_pb_button][\/et_pb_column][\/et_pb_row][\/et_pb_section]<\/p>\n","protected":false},"excerpt":{"rendered":"<p>Haut niveau de bien-\u00eatre Nanotech inside\u00ae vise \u00e0 \u00e9tendre la recherche et le d\u00e9veloppement des meilleures solutions de peinture thermo-r\u00e9fl\u00e9chissante: parois verticales opaques cool roof (toits froids) surfaces semi-transparentes cycles de finition pour les syst\u00e8mes d\u2019isolation \u00ab\u00a0coat\u00a0\u00bb Une grande attention a \u00e9galement \u00e9t\u00e9 accord\u00e9e aux cycles sp\u00e9ciaux d\u2019isolation thermique de faible \u00e9paisseur pour les b\u00e2timents [&hellip;]<\/p>\n","protected":false},"author":2,"featured_media":0,"parent":0,"menu_order":0,"comment_status":"closed","ping_status":"closed","template":"","meta":{"_et_pb_use_builder":"on","_et_pb_old_content":"","_et_gb_content_width":"","footnotes":""},"dipi_cpt_category":[],"class_list":["post-7757","page","type-page","status-publish","hentry"],"yoast_head":"<!-- This site is optimized with the Yoast SEO plugin v26.4 - https:\/\/yoast.com\/wordpress\/plugins\/seo\/ -->\n<title>Mission e Vision - Nanotech Inside<\/title>\n<meta name=\"robots\" content=\"index, follow, max-snippet:-1, max-image-preview:large, max-video-preview:-1\" \/>\n<link rel=\"canonical\" href=\"https:\/\/www.nanotechinside.com\/fr\/mission-e-vision\/\" \/>\n<meta property=\"og:locale\" content=\"fr_FR\" \/>\n<meta property=\"og:type\" content=\"article\" \/>\n<meta property=\"og:title\" content=\"Mission e Vision - Nanotech Inside\" \/>\n<meta property=\"og:description\" content=\"Haut niveau de bien-\u00eatre Nanotech inside\u00ae vise \u00e0 \u00e9tendre la recherche et le d\u00e9veloppement des meilleures solutions de peinture thermo-r\u00e9fl\u00e9chissante: parois verticales opaques cool roof (toits froids) surfaces semi-transparentes cycles de finition pour les syst\u00e8mes d\u2019isolation \u00ab\u00a0coat\u00a0\u00bb Une grande attention a \u00e9galement \u00e9t\u00e9 accord\u00e9e aux cycles sp\u00e9ciaux d\u2019isolation thermique de faible \u00e9paisseur pour les b\u00e2timents [&hellip;]\" \/>\n<meta property=\"og:url\" content=\"https:\/\/www.nanotechinside.com\/fr\/mission-e-vision\/\" \/>\n<meta property=\"og:site_name\" content=\"Nanotech Inside\" \/>\n<meta property=\"article:modified_time\" content=\"2021-08-16T12:28:31+00:00\" \/>\n<meta name=\"twitter:card\" content=\"summary_large_image\" \/>\n<meta name=\"twitter:label1\" content=\"Dur\u00e9e de lecture estim\u00e9e\" \/>\n\t<meta name=\"twitter:data1\" content=\"9 minutes\" \/>\n<script type=\"application\/ld+json\" class=\"yoast-schema-graph\">{\"@context\":\"https:\/\/schema.org\",\"@graph\":[{\"@type\":\"WebPage\",\"@id\":\"https:\/\/www.nanotechinside.com\/fr\/mission-e-vision\/\",\"url\":\"https:\/\/www.nanotechinside.com\/fr\/mission-e-vision\/\",\"name\":\"Mission e Vision - Nanotech Inside\",\"isPartOf\":{\"@id\":\"https:\/\/www.nanotechinside.com\/fr\/#website\"},\"datePublished\":\"2019-02-26T09:00:36+00:00\",\"dateModified\":\"2021-08-16T12:28:31+00:00\",\"breadcrumb\":{\"@id\":\"https:\/\/www.nanotechinside.com\/fr\/mission-e-vision\/#breadcrumb\"},\"inLanguage\":\"fr-FR\",\"potentialAction\":[{\"@type\":\"ReadAction\",\"target\":[\"https:\/\/www.nanotechinside.com\/fr\/mission-e-vision\/\"]}]},{\"@type\":\"BreadcrumbList\",\"@id\":\"https:\/\/www.nanotechinside.com\/fr\/mission-e-vision\/#breadcrumb\",\"itemListElement\":[{\"@type\":\"ListItem\",\"position\":1,\"name\":\"Home\",\"item\":\"https:\/\/www.nanotechinside.com\/fr\/\"},{\"@type\":\"ListItem\",\"position\":2,\"name\":\"Mission e Vision\"}]},{\"@type\":\"WebSite\",\"@id\":\"https:\/\/www.nanotechinside.com\/fr\/#website\",\"url\":\"https:\/\/www.nanotechinside.com\/fr\/\",\"name\":\"Nanotech Inside\",\"description\":\"\",\"potentialAction\":[{\"@type\":\"SearchAction\",\"target\":{\"@type\":\"EntryPoint\",\"urlTemplate\":\"https:\/\/www.nanotechinside.com\/fr\/?s={search_term_string}\"},\"query-input\":{\"@type\":\"PropertyValueSpecification\",\"valueRequired\":true,\"valueName\":\"search_term_string\"}}],\"inLanguage\":\"fr-FR\"}]}<\/script>\n<!-- \/ Yoast SEO plugin. -->","yoast_head_json":{"title":"Mission e Vision - Nanotech Inside","robots":{"index":"index","follow":"follow","max-snippet":"max-snippet:-1","max-image-preview":"max-image-preview:large","max-video-preview":"max-video-preview:-1"},"canonical":"https:\/\/www.nanotechinside.com\/fr\/mission-e-vision\/","og_locale":"fr_FR","og_type":"article","og_title":"Mission e Vision - Nanotech Inside","og_description":"Haut niveau de bien-\u00eatre Nanotech inside\u00ae vise \u00e0 \u00e9tendre la recherche et le d\u00e9veloppement des meilleures solutions de peinture thermo-r\u00e9fl\u00e9chissante: parois verticales opaques cool roof (toits froids) surfaces semi-transparentes cycles de finition pour les syst\u00e8mes d\u2019isolation \u00ab\u00a0coat\u00a0\u00bb Une grande attention a \u00e9galement \u00e9t\u00e9 accord\u00e9e aux cycles sp\u00e9ciaux d\u2019isolation thermique de faible \u00e9paisseur pour les b\u00e2timents [&hellip;]","og_url":"https:\/\/www.nanotechinside.com\/fr\/mission-e-vision\/","og_site_name":"Nanotech Inside","article_modified_time":"2021-08-16T12:28:31+00:00","twitter_card":"summary_large_image","twitter_misc":{"Dur\u00e9e de lecture estim\u00e9e":"9 minutes"},"schema":{"@context":"https:\/\/schema.org","@graph":[{"@type":"WebPage","@id":"https:\/\/www.nanotechinside.com\/fr\/mission-e-vision\/","url":"https:\/\/www.nanotechinside.com\/fr\/mission-e-vision\/","name":"Mission e Vision - Nanotech Inside","isPartOf":{"@id":"https:\/\/www.nanotechinside.com\/fr\/#website"},"datePublished":"2019-02-26T09:00:36+00:00","dateModified":"2021-08-16T12:28:31+00:00","breadcrumb":{"@id":"https:\/\/www.nanotechinside.com\/fr\/mission-e-vision\/#breadcrumb"},"inLanguage":"fr-FR","potentialAction":[{"@type":"ReadAction","target":["https:\/\/www.nanotechinside.com\/fr\/mission-e-vision\/"]}]},{"@type":"BreadcrumbList","@id":"https:\/\/www.nanotechinside.com\/fr\/mission-e-vision\/#breadcrumb","itemListElement":[{"@type":"ListItem","position":1,"name":"Home","item":"https:\/\/www.nanotechinside.com\/fr\/"},{"@type":"ListItem","position":2,"name":"Mission e Vision"}]},{"@type":"WebSite","@id":"https:\/\/www.nanotechinside.com\/fr\/#website","url":"https:\/\/www.nanotechinside.com\/fr\/","name":"Nanotech Inside","description":"","potentialAction":[{"@type":"SearchAction","target":{"@type":"EntryPoint","urlTemplate":"https:\/\/www.nanotechinside.com\/fr\/?s={search_term_string}"},"query-input":{"@type":"PropertyValueSpecification","valueRequired":true,"valueName":"search_term_string"}}],"inLanguage":"fr-FR"}]}},"_links":{"self":[{"href":"https:\/\/www.nanotechinside.com\/fr\/wp-json\/wp\/v2\/pages\/7757","targetHints":{"allow":["GET"]}}],"collection":[{"href":"https:\/\/www.nanotechinside.com\/fr\/wp-json\/wp\/v2\/pages"}],"about":[{"href":"https:\/\/www.nanotechinside.com\/fr\/wp-json\/wp\/v2\/types\/page"}],"author":[{"embeddable":true,"href":"https:\/\/www.nanotechinside.com\/fr\/wp-json\/wp\/v2\/users\/2"}],"replies":[{"embeddable":true,"href":"https:\/\/www.nanotechinside.com\/fr\/wp-json\/wp\/v2\/comments?post=7757"}],"version-history":[{"count":3,"href":"https:\/\/www.nanotechinside.com\/fr\/wp-json\/wp\/v2\/pages\/7757\/revisions"}],"predecessor-version":[{"id":8253,"href":"https:\/\/www.nanotechinside.com\/fr\/wp-json\/wp\/v2\/pages\/7757\/revisions\/8253"}],"wp:attachment":[{"href":"https:\/\/www.nanotechinside.com\/fr\/wp-json\/wp\/v2\/media?parent=7757"}],"wp:term":[{"taxonomy":"dipi_cpt_category","embeddable":true,"href":"https:\/\/www.nanotechinside.com\/fr\/wp-json\/wp\/v2\/dipi_cpt_category?post=7757"}],"curies":[{"name":"wp","href":"https:\/\/api.w.org\/{rel}","templated":true}]}}